{"id":3003,"date":"2026-02-02T15:37:51","date_gmt":"2026-02-02T15:37:51","guid":{"rendered":"https:\/\/techbienestar.com\/?page_id=3003"},"modified":"2026-02-02T16:57:55","modified_gmt":"2026-02-02T16:57:55","slug":"aviso-legal","status":"publish","type":"page","link":"https:\/\/techbienestar.com\/en\/aviso-legal\/","title":{"rendered":"Aviso legal"},"content":{"rendered":"<h2 class=\"wp-block-heading\">1. DATOS IDENTIFICATIVOS<\/h2>\n\n\n\n<p>En cumplimiento con el deber de informaci\u00f3n establecido en el art\u00edculo 10 de la <strong>Ley 34\/2002, de 11 de julio<\/strong>, de Servicios de la Sociedad de la Informaci\u00f3n y de Comercio Electr\u00f3nico (LSSI-CE), se facilitan a continuaci\u00f3n los datos identificativos del titular del sitio web:<\/p>\n\n\n\n<ul class=\"wp-block-list\">\n<li><strong>Titular del sitio web:<\/strong> HMS BIENESTAR, S.L.<\/li>\n\n\n\n<li><strong>CIF:<\/strong> B-56569122<\/li>\n\n\n\n<li><strong>Domicilio social:<\/strong> C\/ Juan Ram\u00f3n Jim\u00e9nez n\u00ba 2, 1\u00baA, 28036 Madrid<\/li>\n\n\n\n<li><strong>Correo electr\u00f3nico de contacto:<\/strong> <a>info@techbienestar.com<\/a><\/li>\n\n\n\n<li><strong>Tel\u00e9fono de contacto:<\/strong> 910 916 471<\/li>\n\n\n\n<li><strong>Nombre comercial:<\/strong> TechBienestar<\/li>\n\n\n\n<li><strong>Sitio web:<\/strong> <a href=\"https:\/\/techbienestar.com\/en\/\">https:\/\/techbienestar.com<\/a><\/li>\n<\/ul>\n\n\n\n<p>El presente sitio web tiene como finalidad la <strong>comercializaci\u00f3n online de productos relacionados con el descanso, el bienestar y la tecnolog\u00eda aplicada al confort<\/strong>, permitiendo a los usuarios informarse y adquirir dichos productos a trav\u00e9s de un sistema de comercio electr\u00f3nico.<\/p>\n\n\n\n<hr class=\"wp-block-separator has-alpha-channel-opacity\"\/>\n\n\n\n<h3 class=\"wp-block-heading\">2. CONDICIONES DE USO<\/h3>\n\n\n\n<p>El acceso y uso del sitio web atribuye la condici\u00f3n de <strong>usuario<\/strong>, lo que implica la aceptaci\u00f3n plena y sin reservas del presente Aviso Legal.<\/p>\n\n\n\n<p>El usuario se compromete a hacer un uso adecuado del sitio web, de conformidad con la legislaci\u00f3n vigente, la buena fe, el orden p\u00fablico y el presente Aviso Legal. Queda expresamente prohibido el uso del sitio web con fines il\u00edcitos, fraudulentos o que puedan causar perjuicio a terceros o al correcto funcionamiento de la plataforma.<\/p>\n\n\n\n<p>HMS BIENESTAR, S.L. se reserva el derecho a <strong>denegar o retirar el acceso al sitio web<\/strong> y\/o a los servicios ofrecidos sin necesidad de preaviso a aquellos usuarios que incumplan las presentes condiciones.<\/p>\n\n\n\n<hr class=\"wp-block-separator has-alpha-channel-opacity\"\/>\n\n\n\n<h3 class=\"wp-block-heading\">3. PROPIEDAD INTELECTUAL E INDUSTRIAL<\/h3>\n\n\n\n<p>Todos los contenidos del sitio web, incluyendo, a t\u00edtulo enunciativo pero no limitativo, <strong>textos, im\u00e1genes, fotograf\u00edas, dise\u00f1os, logotipos, iconos, software, estructura, dise\u00f1o gr\u00e1fico y c\u00f3digos fuente<\/strong>, son titularidad de HMS BIENESTAR, S.L. o de terceros que han autorizado su uso, y est\u00e1n protegidos por la normativa vigente en materia de propiedad intelectual e industrial.<\/p>\n\n\n\n<p>Queda prohibida la reproducci\u00f3n, distribuci\u00f3n, comunicaci\u00f3n p\u00fablica o transformaci\u00f3n de dichos contenidos sin la autorizaci\u00f3n expresa del titular, salvo para uso personal y privado.<\/p>\n\n\n\n<p>Las marcas, nombres comerciales o signos distintivos que aparecen en el sitio web son propiedad de HMS BIENESTAR, S.L. o de terceros, sin que el acceso al sitio web atribuya derecho alguno sobre los mismos.<\/p>\n\n\n\n<hr class=\"wp-block-separator has-alpha-channel-opacity\"\/>\n\n\n\n<h3 class=\"wp-block-heading\">4. EXONERACI\u00d3N DE RESPONSABILIDADES<\/h3>\n\n\n\n<p>HMS BIENESTAR, S.L. no se hace responsable de los da\u00f1os y perjuicios de cualquier naturaleza que puedan derivarse de:<\/p>\n\n\n\n<ul class=\"wp-block-list\">\n<li>Errores u omisiones en los contenidos<\/li>\n\n\n\n<li>Falta de disponibilidad del sitio web<\/li>\n\n\n\n<li>Interrupciones en el funcionamiento del comercio electr\u00f3nico<\/li>\n\n\n\n<li>Transmisi\u00f3n de virus o programas maliciosos<\/li>\n<\/ul>\n\n\n\n<p>No obstante, la empresa adopta todas las medidas t\u00e9cnicas y organizativas necesarias para garantizar el correcto funcionamiento del sitio web y la seguridad de las transacciones.<\/p>\n\n\n\n<p>El usuario es el \u00fanico responsable del uso que realice de la informaci\u00f3n y servicios disponibles en el sitio web.<\/p>\n\n\n\n<hr class=\"wp-block-separator has-alpha-channel-opacity\"\/>\n\n\n\n<h3 class=\"wp-block-heading\">5. ENLACES A TERCEROS<\/h3>\n\n\n\n<p>En el caso de que el sitio web contenga enlaces a p\u00e1ginas web de terceros, HMS BIENESTAR, S.L. no ejerce control alguno sobre dichos sitios ni sobre sus contenidos, por lo que no asume responsabilidad alguna por los mismos.<\/p>\n\n\n\n<p>La inclusi\u00f3n de enlaces no implica ning\u00fan tipo de asociaci\u00f3n, fusi\u00f3n o participaci\u00f3n con las entidades enlazadas.<\/p>\n\n\n\n<hr class=\"wp-block-separator has-alpha-channel-opacity\"\/>\n\n\n\n<h3 class=\"wp-block-heading\">6. MODIFICACIONES DEL AVISO LEGAL<\/h3>\n\n\n\n<p>HMS BIENESTAR, S.L. se reserva el derecho a modificar en cualquier momento y sin previo aviso el presente Aviso Legal, as\u00ed como cualquier otro texto legal del sitio web, con el fin de adaptarlo a cambios normativos o a modificaciones en la actividad comercial.<\/p>\n\n\n\n<p>Se recomienda al usuario revisar peri\u00f3dicamente este Aviso Legal.<\/p>\n\n\n\n<hr class=\"wp-block-separator has-alpha-channel-opacity\"\/>\n\n\n\n<h3 class=\"wp-block-heading\">7. LEGISLACI\u00d3N APLICABLE Y JURISDICCI\u00d3N<\/h3>\n\n\n\n<p>La relaci\u00f3n entre HMS BIENESTAR, S.L. y el usuario se regir\u00e1 por la <strong>legislaci\u00f3n espa\u00f1ola vigente<\/strong>.<\/p>\n\n\n\n<p>Para la resoluci\u00f3n de cualquier controversia que pudiera derivarse del acceso o uso del sitio web, las partes se someter\u00e1n a los <strong>Juzgados y Tribunales de la ciudad de Madrid<\/strong>, salvo que la normativa aplicable disponga lo contrario.<\/p>","protected":false},"excerpt":{"rendered":"<p>1. DATOS IDENTIFICATIVOS En cumplimiento con el deber de informaci\u00f3n establecido en el art\u00edculo 10 de la Ley 34\/2002, de 11 de julio, de Servicios de la Sociedad de la Informaci\u00f3n y de Comercio Electr\u00f3nico (LSSI-CE), se facilitan a continuaci\u00f3n los datos identificativos del titular del sitio web: El presente sitio web tiene como finalidad &hellip; <a href=\"https:\/\/techbienestar.com\/en\/aviso-legal\/\" class=\"more-link\">Continue reading <span class=\"screen-reader-text\">Aviso legal<\/span><\/a><\/p>","protected":false},"author":1,"featured_media":0,"parent":0,"menu_order":0,"comment_status":"closed","ping_status":"closed","template":"","meta":{"footnotes":""},"class_list":["post-3003","page","type-page","status-publish","hentry"],"_links":{"self":[{"href":"https:\/\/techbienestar.com\/en\/wp-json\/wp\/v2\/pages\/3003","targetHints":{"allow":["GET"]}}],"collection":[{"href":"https:\/\/techbienestar.com\/en\/wp-json\/wp\/v2\/pages"}],"about":[{"href":"https:\/\/techbienestar.com\/en\/wp-json\/wp\/v2\/types\/page"}],"author":[{"embeddable":true,"href":"https:\/\/techbienestar.com\/en\/wp-json\/wp\/v2\/users\/1"}],"replies":[{"embeddable":true,"href":"https:\/\/techbienestar.com\/en\/wp-json\/wp\/v2\/comments?post=3003"}],"version-history":[{"count":2,"href":"https:\/\/techbienestar.com\/en\/wp-json\/wp\/v2\/pages\/3003\/revisions"}],"predecessor-version":[{"id":3068,"href":"https:\/\/techbienestar.com\/en\/wp-json\/wp\/v2\/pages\/3003\/revisions\/3068"}],"wp:attachment":[{"href":"https:\/\/techbienestar.com\/en\/wp-json\/wp\/v2\/media?parent=3003"}],"curies":[{"name":"wp","href":"https:\/\/api.w.org\/{rel}","templated":true}]}}